{"id":195,"date":"2022-04-04T14:14:38","date_gmt":"2022-04-04T12:14:38","guid":{"rendered":"https:\/\/rgplus.ovh\/?page_id=195"},"modified":"2022-04-04T15:11:30","modified_gmt":"2022-04-04T13:11:30","slug":"accueil","status":"publish","type":"page","link":"https:\/\/rgplus.ovh\/","title":{"rendered":"Accueil"},"content":{"rendered":"\n<div class=\"wp-block-group has-black-color has-white-background-color has-text-color has-background\"><div class=\"wp-block-group__inner-container is-layout-flow wp-block-group-is-layout-flow\">\n<div class=\"wp-block-group\"><div class=\"wp-block-group__inner-container is-layout-flow wp-block-group-is-layout-flow\"><\/div><\/div>\n\n\n\n<div class=\"wp-block-group\"><div class=\"wp-block-group__inner-container is-layout-flow wp-block-group-is-layout-flow\"><\/div><\/div>\n<\/div><\/div>\n\n\n\n<div class=\"wp-block-image\"><figure class=\"alignright is-resized\"><img loading=\"lazy\" decoding=\"async\" src=\"http:\/\/rgplus.fr\/assets\/icon_RG+_solutions_adaptees.svg\" alt=\"Solutions adapt\u00e9es\" width=\"62\" height=\"62\"\/><\/figure><\/div>\n\n\n\n<p>Solutions adapt\u00e9es \u00e0 vos besoins<\/p>\n\n\n\n<p><\/p>\n\n\n\n<p><\/p>\n\n\n\n<div class=\"wp-block-image\"><figure class=\"alignright is-resized\"><img loading=\"lazy\" decoding=\"async\" src=\"http:\/\/rgplus.fr\/assets\/icon_RG+_meilleures_garanties.svg\" alt=\"Service fiable\" width=\"54\" height=\"54\"\/><\/figure><\/div>\n\n\n\n<p>Service et garantie<\/p>\n\n\n\n<p><\/p>\n\n\n\n<p><\/p>\n\n\n\n<div class=\"wp-block-image\"><figure class=\"alignright is-resized\"><img loading=\"lazy\" decoding=\"async\" src=\"http:\/\/rgplus.fr\/assets\/icon_RG+_agence_specialisee.svg\" alt=\"Agence sp\u00e9cialis\u00e9e\" width=\"63\" height=\"63\"\/><\/figure><\/div>\n\n\n\n<p>Agence sp\u00e9cialis\u00e9e et ind\u00e9pendante <\/p>\n\n\n\n<p><\/p>\n\n\n\n<p><\/p>\n\n\n\n<div class=\"wp-block-image\"><figure class=\"alignright is-resized\"><img loading=\"lazy\" decoding=\"async\" src=\"http:\/\/rgplus.fr\/assets\/icon_RG+_couv_grand_ouest.svg\" alt=\"Grand Ouest\" width=\"50\" height=\"50\"\/><\/figure><\/div>\n\n\n\n<p>Couverture sur tout le Grand Ouest <\/p>\n","protected":false},"excerpt":{"rendered":"<p>Solutions adapt\u00e9es \u00e0 vos besoins Service et garantie Agence sp\u00e9cialis\u00e9e et ind\u00e9pendante Couverture sur tout le Grand Ouest<\/p>\n","protected":false},"author":1,"featured_media":0,"parent":0,"menu_order":0,"comment_status":"closed","ping_status":"closed","template":"","meta":{"footnotes":""},"class_list":["post-195","page","type-page","status-publish","hentry"],"_links":{"self":[{"href":"https:\/\/rgplus.ovh\/index.php\/wp-json\/wp\/v2\/pages\/195","targetHints":{"allow":["GET"]}}],"collection":[{"href":"https:\/\/rgplus.ovh\/index.php\/wp-json\/wp\/v2\/pages"}],"about":[{"href":"https:\/\/rgplus.ovh\/index.php\/wp-json\/wp\/v2\/types\/page"}],"author":[{"embeddable":true,"href":"https:\/\/rgplus.ovh\/index.php\/wp-json\/wp\/v2\/users\/1"}],"replies":[{"embeddable":true,"href":"https:\/\/rgplus.ovh\/index.php\/wp-json\/wp\/v2\/comments?post=195"}],"version-history":[{"count":15,"href":"https:\/\/rgplus.ovh\/index.php\/wp-json\/wp\/v2\/pages\/195\/revisions"}],"predecessor-version":[{"id":227,"href":"https:\/\/rgplus.ovh\/index.php\/wp-json\/wp\/v2\/pages\/195\/revisions\/227"}],"wp:attachment":[{"href":"https:\/\/rgplus.ovh\/index.php\/wp-json\/wp\/v2\/media?parent=195"}],"curies":[{"name":"wp","href":"https:\/\/api.w.org\/{rel}","templated":true}]}}